{"id":529,"date":"2024-07-16T17:27:09","date_gmt":"2024-07-16T17:27:09","guid":{"rendered":"https:\/\/krada.eu\/kupsiste-poliitika\/"},"modified":"2024-07-24T12:26:12","modified_gmt":"2024-07-24T12:26:12","slug":"kupsiste-poliitika","status":"publish","type":"page","link":"https:\/\/krada.eu\/et\/kupsiste-poliitika\/","title":{"rendered":"K\u00fcpsiste poliitika"},"content":{"rendered":"\t\t<div data-elementor-type=\"wp-page\" data-elementor-id=\"529\" class=\"elementor elementor-529 elementor-328\" data-elementor-post-type=\"page\">\n\t\t\t\t<div class=\"elementor-element elementor-element-2b43f49 e-flex e-con-boxed e-con e-parent\" data-id=\"2b43f49\" data-element_type=\"container\" data-e-type=\"container\">\n\t\t\t\t\t<div class=\"e-con-inner\">\n\t\t\t\t<div class=\"elementor-element elementor-element-efe62da cookie-policy elementor-widget elementor-widget-text-editor\" data-id=\"efe62da\" data-element_type=\"widget\" data-e-type=\"widget\" data-widget_type=\"text-editor.default\">\n\t\t\t\t<div class=\"elementor-widget-container\">\n\t\t\t\t\t\t\t\t\t<p><style>\n    a.cky-banner-element {<br \/>        padding: 8px 30px;<br \/>        background: #F8F9FA;<br \/>        color: #858A8F;<br \/>        border: 1px solid #DEE2E6;<br \/>        box-sizing: border-box;<br \/>        border-radius: 2px;<br \/>        cursor: pointer;<br \/>}<br \/><\/style><\/p><h1 class=\"cookie-policy-h1\">K\u00fcpsiste poliitika<\/h1><p><strong>J\u00f5ustumiskuup\u00e4ev: 19. juuli 2024<\/strong><br \/><strong>Viimati uuendatud: 19. juuli 2024<\/strong><\/p><p>\u00a0<\/p><h2>Mis on k\u00fcpsised?<\/h2><div class=\"cookie-policy-p\"><p>See k\u00fcpsiste poliitika selgitab, mis on k\u00fcpsised ja kuidas me neid kasutame, milliseid k\u00fcpsiseid me kasutame, st millist teavet me k\u00fcpsiste abil kogume ja kuidas seda teavet kasutatakse, ning kuidas k\u00fcpsiste seadeid hallata.<\/p><p>K\u00fcpsised on v\u00e4ikesed tekstifailid, mida kasutatakse v\u00e4ikeste andmekildude salvestamiseks. Need salvestatakse teie seadmesse, kui veebisait teie brauseris laaditakse. Need k\u00fcpsised aitavad meil veebisaiti korralikult toimima panna, muuta seda turvalisemaks, pakkuda paremat kasutuskogemust ning m\u00f5ista, kuidas veebisait toimib ja anal\u00fc\u00fcsida, mis t\u00f6\u00f6tab ja kus on vaja parandusi teha.<\/p><p>\u00a0<\/p><\/div><h2>Kuidas me k\u00fcpsiseid kasutame?<\/h2><div class=\"cookie-policy-p\"><p>Nagu enamik veebiteenuseid, kasutab ka meie veebisait esimese ja kolmanda osapoole k\u00fcpsiseid mitmel eesm\u00e4rgil. Esimese osapoole k\u00fcpsised on enamasti vajalikud selleks, et veebisait toimiks \u00f5igesti, ja need ei kogu teie isikut tuvastavaid andmeid.<\/p><p>Meie veebisaidil kasutatavad kolmanda osapoole k\u00fcpsised on peamiselt selleks, et m\u00f5ista, kuidas veebisait toimib, kuidas te meie veebisaidiga suhtlete, hoida meie teenused turvalisena, pakkuda teile asjakohaseid reklaame ning pakkuda teile \u00fcldiselt paremat ja t\u00e4iustatud kasutuskogemust ning aidata kiirendada teie tulevasi suhtlusi meie veebisaidiga.<\/p><p>\u00a0<\/p><\/div><h2>K\u00fcpsiste t\u00fc\u00fcbid, mida me kasutame<\/h2><div class=\"cky-audit-table-element\">\u00a0<\/div><h2>\u00a0<\/h2><h2 style=\"margin-bottom: 20px;\">K\u00fcpsiste eelistuste haldamine<\/h2><p><a class=\"cky-banner-element\">K\u00fcpsiste seaded<\/a> <br \/><br \/><\/p><div><p>Saate oma k\u00fcpsiste eelistusi igal ajal muuta, kl\u00f5psates \u00fclaloleval nupul. See v\u00f5imaldab teil uuesti k\u00fclastada k\u00fcpsiste n\u00f5usoleku b\u00e4nnerit ja muuta oma eelistusi v\u00f5i t\u00fchistada oma n\u00f5usoleku kohe.<\/p><p>Lisaks sellele pakuvad erinevad brauserid erinevaid meetodeid veebisaitidel kasutatavate k\u00fcpsiste blokeerimiseks ja kustutamiseks. Saate muuta oma brauseri seadeid, et k\u00fcpsiseid blokeerida\/kustutada. Allpool on loetletud lingid suuremate veebibrauserite tugiartiklitele k\u00fcpsiste haldamise ja kustutamise kohta.<\/p><p>Chrome: <a href=\"https:\/\/support.google.com\/accounts\/answer\/32050\" target=\"_blank\" rel=\"noopener\">https:\/\/support.google.com\/accounts\/answer\/32050<\/a><\/p><p>Safari: <a href=\"https:\/\/support.apple.com\/en-in\/guide\/safari\/sfri11471\/mac\" target=\"_blank\" rel=\"noopener\">https:\/\/support.apple.com\/en-in\/guide\/safari\/sfri11471\/mac<\/a><\/p><p>Firefox: <a href=\"https:\/\/support.mozilla.org\/en-US\/kb\/clear-cookies-and-site-data-firefox?redirectslug=delete-cookies-remove-info-websites-stored&amp;redirectlocale=en-US\" target=\"_blank\" rel=\"noopener\">https:\/\/support.mozilla.org\/en-US\/kb\/clear-cookies-and-site-data-firefox?redirectslug=delete-cookies-remove-info-websites-stored&amp;redirectlocale=en-US<\/a><\/p><p>Internet Explorer: <a href=\"https:\/\/support.microsoft.com\/en-us\/topic\/how-to-delete-cookie-files-in-internet-explorer-bca9446f-d873-78de-77ba-d42645fa52fc\" target=\"_blank\" rel=\"noopener\">https:\/\/support.microsoft.com\/en-us\/topic\/how-to-delete-cookie-files-in-internet-explorer-bca9446f-d873-78de-77ba-d42645fa52fc<\/a><\/p><p>Kui kasutate m\u00f5nda teist veebibrauserit, k\u00fclastage palun oma brauseri ametlikke tugiartikleid.<\/p><\/div>\t\t\t\t\t\t\t\t<\/div>\n\t\t\t\t<\/div>\n\t\t\t\t\t<\/div>\n\t\t\t\t<\/div>\n\t\t\t\t<\/div>\n\t\t","protected":false},"excerpt":{"rendered":"<p>K\u00fcpsiste poliitika J\u00f5ustumiskuup\u00e4ev: 19. juuli 2024Viimati uuendatud: 19. juuli 2024 \u00a0 Mis on k\u00fcpsised? See k\u00fcpsiste poliitika selgitab, mis on k\u00fcpsised ja kuidas me neid kasutame, milliseid k\u00fcpsiseid me kasutame, st millist teavet me k\u00fcpsiste abil kogume ja kuidas seda teavet kasutatakse, ning kuidas k\u00fcpsiste seadeid hallata. K\u00fcpsised on v\u00e4ikesed tekstifailid, mida kasutatakse v\u00e4ikeste andmekildude [&hellip;]<\/p>\n","protected":false},"author":2,"featured_media":0,"parent":0,"menu_order":0,"comment_status":"closed","ping_status":"closed","template":"","meta":{"footnotes":""},"class_list":["post-529","page","type-page","status-publish","hentry"],"_links":{"self":[{"href":"https:\/\/krada.eu\/et\/wp-json\/wp\/v2\/pages\/529","targetHints":{"allow":["GET"]}}],"collection":[{"href":"https:\/\/krada.eu\/et\/wp-json\/wp\/v2\/pages"}],"about":[{"href":"https:\/\/krada.eu\/et\/wp-json\/wp\/v2\/types\/page"}],"author":[{"embeddable":true,"href":"https:\/\/krada.eu\/et\/wp-json\/wp\/v2\/users\/2"}],"replies":[{"embeddable":true,"href":"https:\/\/krada.eu\/et\/wp-json\/wp\/v2\/comments?post=529"}],"version-history":[{"count":11,"href":"https:\/\/krada.eu\/et\/wp-json\/wp\/v2\/pages\/529\/revisions"}],"predecessor-version":[{"id":674,"href":"https:\/\/krada.eu\/et\/wp-json\/wp\/v2\/pages\/529\/revisions\/674"}],"wp:attachment":[{"href":"https:\/\/krada.eu\/et\/wp-json\/wp\/v2\/media?parent=529"}],"curies":[{"name":"wp","href":"https:\/\/api.w.org\/{rel}","templated":true}]}}